{"id":1809,"date":"2018-07-23T10:04:37","date_gmt":"2018-07-23T08:04:37","guid":{"rendered":"http:\/\/www.jan-peterson.de\/startseite\/?page_id=1809"},"modified":"2022-02-14T15:50:31","modified_gmt":"2022-02-14T14:50:31","slug":"contact-us","status":"publish","type":"page","link":"https:\/\/www.einmal-um-die-welt.de\/startseite\/contact-us\/","title":{"rendered":"Contact Me!"},"content":{"rendered":"[et_pb_section fb_built=&#8220;1&#8243; fullwidth=&#8220;on&#8220; _builder_version=&#8220;3.0.47&#8243;][et_pb_fullwidth_image src=&#8220;https:\/\/www.einmal-um-die-welt.de\/wp-content\/uploads\/2021\/09\/HEADER_Jan_Fishriver_Canyon.jpg&#8220; _builder_version=&#8220;3.14&#8243;][\/et_pb_fullwidth_image][\/et_pb_section][et_pb_section fb_built=&#8220;1&#8243; _builder_version=&#8220;3.0.47&#8243;][et_pb_row _builder_version=&#8220;3.0.48&#8243; background_size=&#8220;initial&#8220; background_position=&#8220;top_left&#8220; background_repeat=&#8220;repeat&#8220;][et_pb_column type=&#8220;4_4&#8243; _builder_version=&#8220;3.0.47&#8243; parallax=&#8220;off&#8220; parallax_method=&#8220;on&#8220;][et_pb_text _builder_version=&#8220;3.14&#8243;]\n<p><img loading=\"lazy\" src=\"https:\/\/www.einmal-um-die-welt.de\/wp-content\/uploads\/2022\/02\/download-8.png\" width=\"62\" height=\"37\" alt=\"\" class=\"wp-image-5884 alignleft size-full\" \/>I\u00a0was on a trip around the world and I want to thank friends and family at home as well as all those amazing people I have met during my trip for filling my guest book with news and feedback.<\/p>\n<p>But of course, anyone who just discovered my website, feel free to share your thoughts and leave a comment as well \ud83d\ude09<\/p>\n<p>Private &amp; confidential things can be send to:<a href=\"mailto:schreib@einmal-um-die-welt.de\"> schreib(at)einmal-um-die-welt.de<\/a><\/p>\n<p>Under &#8222;<strong>AKTUELLE NUMMER<\/strong>&#8220; &#8211; on the right menu bar you can find my current mobile number.<\/p>\n<p>&#8212;&#8212;&#8212;&#8212;&#8212;&#8212;&#8212;&#8212;&#8212;&#8212;&#8212;&#8212;&#8212;&#8212;&#8212;&#8212;&#8212;&#8212;&#8212;&#8212;&#8212;&#8212;&#8212;&#8212;&#8212;&#8212;&#8212;&#8212;&#8212;&#8212;&#8212;&#8212;&#8212;&#8212;&#8212;&#8212;&#8212;&#8212;&#8212;&#8212;&#8212;&#8212;&#8212;&#8212;&#8212;<\/p>\n<p><img loading=\"lazy\" src=\"https:\/\/www.einmal-um-die-welt.de\/wp-content\/uploads\/2021\/12\/Deutschland.gif\" width=\"60\" height=\"30\" alt=\"\" class=\"wp-image-5111 alignleft size-full\" \/><\/p>\n<p>Ich war auf Weltreise und m\u00f6chte meinen Freunden, meiner Familie zu Hause sowie all den gro\u00dfartigen Menschen, die ich w\u00e4hrend meiner Reise getroffen habe, daf\u00fcr danken, dass sie mein G\u00e4stebuch mit Neuigkeiten und Feedback gef\u00fcllt haben.<\/p>\n<p>Nat\u00fcrlich ist das G\u00e4stebuch auch noch offen, f\u00fcr jeden, der meine Website gerade erst entdeckt hat und mir einen Kommentar hinterlassen m\u00f6chte \ud83d\ude09<\/p>\n<p>Pers\u00f6nliche Dinge k\u00f6nnt ihr mir mailen an: <a href=\"mailto:schreib@einmal-um-die-welt.de\">schreib(at)einmal-um-die-welt.de<\/a><\/p>\n<p>Unter &#8222;<strong>AKTUELLE NUMMER<\/strong>&#8220; &#8211; in der rechten Men\u00fcleiste eingeblendet &#8211; k\u00f6nnt Ihr erkennen unter welcher Nummer ich aktuell erreichbar bin.<\/p>\n[\/et_pb_text][et_pb_text admin_label=&#8220;Guestbook Header&#8220; _builder_version=&#8220;3.12&#8243;]\n<h1 style=\"text-align: center;\">G\u00e4stebuch<\/h1>\n[\/et_pb_text][et_pb_text admin_label=&#8220;Guestbook&#8220; _builder_version=&#8220;3.12&#8243;]\n<p style=\"text-align: center;\"><div id=\"gwolle_gb\"><div class=\"page-navigation\"><span class=\"page-numbers current\">1<\/span><a href=\"https:\/\/www.einmal-um-die-welt.de\/startseite\/contact-us\/?pageNum=2\" title=\"Seite 2\">2<\/a><a href=\"https:\/\/www.einmal-um-die-welt.de\/startseite\/contact-us\/?pageNum=3\" title=\"Seite 3\">3<\/a><a href=\"https:\/\/www.einmal-um-die-welt.de\/startseite\/contact-us\/?pageNum=4\" title=\"Seite 4\">4<\/a><a href=\"https:\/\/www.einmal-um-die-welt.de\/startseite\/contact-us\/?pageNum=5\" title=\"Seite 5\">5<\/a><span class=\"page-numbers dots\">...<\/span><a href=\"https:\/\/www.einmal-um-die-welt.de\/startseite\/contact-us\/?pageNum=42\" title=\"Seite 42\">42<\/a><a href=\"https:\/\/www.einmal-um-die-welt.de\/startseite\/contact-us\/?pageNum=2\" title=\"N\u00e4chste Seite\" rel=\"next\">&raquo;<\/a><\/div>\n\t\t<div id=\"gwolle_gb_entries\" class=\"\" data-book_id=\"1\"><div id=\"gwolle-gb-total\">206 Eintr\u00e4ge<\/div><!-- Gwolle-GB Entry: Default Template Loaded -->\n\t\t\t\t<div class=\"gb-entry gb-entry_326 gb-entry-count_1 gwolle_gb_uneven gwolle-gb-uneven gwolle_gb_first gwolle-gb-first\">\n\t\t\t\t\t<div class=\"gb-author-info\">\n\t\t\t\t\t\t<span class=\"gb-author-avatar\"><img alt='DeepWater Marco' src='https:\/\/secure.gravatar.com\/avatar\/d6d585788308902cfc92529b9d769387?s=32&#038;d=mm&#038;r=g' srcset='https:\/\/secure.gravatar.com\/avatar\/d6d585788308902cfc92529b9d769387?s=64&#038;d=mm&#038;r=g 2x' class='avatar avatar-32 photo' height='32' width='32' loading='lazy'\/><\/span>\n\t\t\t\t\t\t<span class=\"gb-author-name\">DeepWater Marco\n\t\t\t\t\t\t<\/span>\n\t\t\t\t\t\t<span class=\"gb-datetime\">\n\t\t\t\t\t\t\t<span class=\"gb-date\"> schrieb am 14. August 2018<\/span><span class=\"gb-time\"> um 9:29<\/span>:\n\t\t\t\t\t\t<\/span> \n\t\t\t\t\t<\/div>\n\t\t\t\t\t<div class=\"gb-entry-content\">Wie bekloppt waren wir eigentlich? Wenn ich daran denke, kriege ich wieder einen Schwei\u00dfausbruch.\n\t\t\t\t\t<\/div>\n\t\t\t<\/div>\n\t\t\t<div class=\"gb-entry gb-entry_327 gb-entry-count_2 gwolle_gb_even gwolle-gb-even\">\n\t\t\t\t\t<div class=\"gb-author-info\">\n\t\t\t\t\t\t<span class=\"gb-author-avatar\"><img alt='Wisdom, G-Dog, Mr Jam, Bratwurscht' src='https:\/\/secure.gravatar.com\/avatar\/5683288a32afe13ad4d461fa1794f054?s=32&#038;d=mm&#038;r=g' srcset='https:\/\/secure.gravatar.com\/avatar\/5683288a32afe13ad4d461fa1794f054?s=64&#038;d=mm&#038;r=g 2x' class='avatar avatar-32 photo' height='32' width='32' loading='lazy'\/><\/span>\n\t\t\t\t\t\t<span class=\"gb-author-name\">Wisdom, G-Dog, Mr Jam, Bratwurscht\n\t\t\t\t\t\t<\/span>\n\t\t\t\t\t\t<span class=\"gb-datetime\">\n\t\t\t\t\t\t\t<span class=\"gb-date\"> schrieb am 9. Januar 2011<\/span><span class=\"gb-time\"> um 16:46<\/span>:\n\t\t\t\t\t\t<\/span> \n\t\t\t\t\t<\/div>\n\t\t\t\t\t<div class=\"gb-entry-content\">Who let the Chicken? And of course,a man goes with a bucket of fruits... Thanks for the great time and your unbelievable good service. As a thank you, u can keep the Lonely Planet. Luckily, we found a new one on our way. <br \/>\nWisdom is now replaced with Kriss-Dawg and Heyja Liv and we are now in Uganda. Hope u and Verena are having a good time in Mozam.<br \/>\n<br \/>\nxxx\n\t\t\t\t\t<\/div>\n\t\t\t<\/div>\n\t\t\t<div class=\"gb-entry gb-entry_328 gb-entry-count_3 gwolle_gb_uneven gwolle-gb-uneven\">\n\t\t\t\t\t<div class=\"gb-author-info\">\n\t\t\t\t\t\t<span class=\"gb-author-avatar\"><img alt='Andr\u00e9' src='https:\/\/secure.gravatar.com\/avatar\/49cc28c0c068ca1ccd6c4332a7be565b?s=32&#038;d=mm&#038;r=g' srcset='https:\/\/secure.gravatar.com\/avatar\/49cc28c0c068ca1ccd6c4332a7be565b?s=64&#038;d=mm&#038;r=g 2x' class='avatar avatar-32 photo' height='32' width='32' loading='lazy'\/><\/span>\n\t\t\t\t\t\t<span class=\"gb-author-name\">Andr\u00e9\n\t\t\t\t\t\t<\/span>\n\t\t\t\t\t\t<span class=\"gb-datetime\">\n\t\t\t\t\t\t\t<span class=\"gb-date\"> schrieb am 25. Dezember 2010<\/span><span class=\"gb-time\"> um 13:57<\/span>:\n\t\t\t\t\t\t<\/span> \n\t\t\t\t\t<\/div>\n\t\t\t\t\t<div class=\"gb-entry-content\">Hi Jan,<br \/>\n<br \/>\nmerry X-Mas. Momentan w\u00e4ren wir hier froh, Dir ein wenig vom Schnee abzugeben, der derzeit Deutschland fl\u00e4chendeckend in strahlendes Wei\u00df taucht. Wer im Moment mit der Bahn reist steht vermutlich vor \u00e4hnlichen abenteuerlichen Herausforderungen wie Du Sie in Afrika erlebst - nur eben durch Schnee und Eis und nicht Sand und Matsch. Es ist immer wieder sch\u00f6n, Deine spannenden Artikel zu lesen und so etwas an den Abenteuern teilhaben zu k\u00f6nnen.<br \/>\nIch w\u00fcnsch Dir uns Verena einen guten Rutsch ins neue Jahr...wo auch immer Ihr feiern werdet.<br \/>\n<br \/>\nLiebe Gr\u00fc\u00dfe<br \/>\nAndr\u00e9\n\t\t\t\t\t<\/div>\n\t\t\t<\/div>\n\t\t\t<div class=\"gb-entry gb-entry_329 gb-entry-count_4 gwolle_gb_even gwolle-gb-even\">\n\t\t\t\t\t<div class=\"gb-author-info\">\n\t\t\t\t\t\t<span class=\"gb-author-avatar\"><img alt='Peter Jessl' src='https:\/\/secure.gravatar.com\/avatar\/5f5bce130030efbb28851a84a46fb58c?s=32&#038;d=mm&#038;r=g' srcset='https:\/\/secure.gravatar.com\/avatar\/5f5bce130030efbb28851a84a46fb58c?s=64&#038;d=mm&#038;r=g 2x' class='avatar avatar-32 photo' height='32' width='32' loading='lazy'\/><\/span>\n\t\t\t\t\t\t<span class=\"gb-author-name\">Peter Jessl\n\t\t\t\t\t\t<\/span>\n\t\t\t\t\t\t<span class=\"gb-datetime\">\n\t\t\t\t\t\t\t<span class=\"gb-date\"> schrieb am 23. Dezember 2010<\/span><span class=\"gb-time\"> um 14:48<\/span>:\n\t\t\t\t\t\t<\/span> \n\t\t\t\t\t<\/div>\n\t\t\t\t\t<div class=\"gb-entry-content\">Ein Hallo an Jan und den f\u00fcr mich unbekannten Begleiter aus dem verschneiten Rodheim. Vielen Dank f\u00fcr Deine ausf\u00fchrliche mail. Leider mu\u00df ich Dir hier\u00fcber antworten weil ich die andere Adresse im Moment nicht finde. La\u00dft es Euch weiterhin gut gehen und passt auf Euch auf in dem schwarzen Erdteil. Ansonsten viel Vorfreude auf all die Ereignisse die da noch kommen!!! Es gr\u00fc\u00dft Euch Usch und Peter\n\t\t\t\t\t<\/div>\n\t\t\t<\/div>\n\t\t\t<div class=\"gb-entry gb-entry_330 gb-entry-count_5 gwolle_gb_uneven gwolle-gb-uneven\">\n\t\t\t\t\t<div class=\"gb-author-info\">\n\t\t\t\t\t\t<span class=\"gb-author-avatar\"><img alt='Isabell' src='https:\/\/secure.gravatar.com\/avatar\/2bdfb104f5a94316040c3f3277efe041?s=32&#038;d=mm&#038;r=g' srcset='https:\/\/secure.gravatar.com\/avatar\/2bdfb104f5a94316040c3f3277efe041?s=64&#038;d=mm&#038;r=g 2x' class='avatar avatar-32 photo' height='32' width='32' loading='lazy'\/><\/span>\n\t\t\t\t\t\t<span class=\"gb-author-name\">Isabell\n\t\t\t\t\t\t<\/span>\n\t\t\t\t\t\t<span class=\"gb-datetime\">\n\t\t\t\t\t\t\t<span class=\"gb-date\"> schrieb am 22. Dezember 2010<\/span><span class=\"gb-time\"> um 22:37<\/span>:\n\t\t\t\t\t\t<\/span> \n\t\t\t\t\t<\/div>\n\t\t\t\t\t<div class=\"gb-entry-content\">Hallo,<br \/>\n<br \/>\nich w\u00fcnsche Euch ein frohes und besinnliches  Weihnachtfest und alles gute f\u00fcr das Jahr 2011<br \/>\n<br \/>\nGru\u00df Isabell\n\t\t\t\t\t<\/div>\n\t\t\t<\/div>\n\t\t\t<\/div><div class=\"page-navigation\"><span class=\"page-numbers current\">1<\/span><a href=\"https:\/\/www.einmal-um-die-welt.de\/startseite\/contact-us\/?pageNum=2\" title=\"Seite 2\">2<\/a><a href=\"https:\/\/www.einmal-um-die-welt.de\/startseite\/contact-us\/?pageNum=3\" title=\"Seite 3\">3<\/a><a href=\"https:\/\/www.einmal-um-die-welt.de\/startseite\/contact-us\/?pageNum=4\" title=\"Seite 4\">4<\/a><a href=\"https:\/\/www.einmal-um-die-welt.de\/startseite\/contact-us\/?pageNum=5\" title=\"Seite 5\">5<\/a><span class=\"page-numbers dots\">...<\/span><a href=\"https:\/\/www.einmal-um-die-welt.de\/startseite\/contact-us\/?pageNum=42\" title=\"Seite 42\">42<\/a><a href=\"https:\/\/www.einmal-um-die-welt.de\/startseite\/contact-us\/?pageNum=2\" title=\"N\u00e4chste Seite\" rel=\"next\">&raquo;<\/a><\/div>\n\t\t<\/div>\n<p style=\"text-align: center;\"><div id=\"gwolle_gb\"><div id=\"gwolle_gb_messages_top_container\"><\/div>\n\t\t\t<form id=\"gwolle_gb_new_entry\" action=\"#\" method=\"POST\" class=\" gwolle_gb_float gwolle-gb-float gwolle_gb_form_ajax gwolle-gb-form-ajax\">\n\t\t\t\t<h3>Einen neuen Eintrag f\u00fcr das G\u00e4stebuch schreiben<\/h3>\n\t\t\t\t\n\t\t\t\t<input type=\"hidden\" name=\"gwolle_gb_function\" id=\"gwolle_gb_function\" value=\"add_entry\" \/><input type=\"hidden\" name=\"gwolle_gb_book_id\" id=\"gwolle_gb_book_id\" value=\"1\" \/><div class=\"gwolle_gb_034edaa7ef11015a73a0879069db71a7\">\n\t\t\t\t<div class=\"label\"><label for=\"gwolle_gb_034edaa7ef11015a73a0879069db71a7\" class=\"text-info\">Name: *<\/label><\/div>\n\t\t\t\t<div class=\"input\"><input class=\"wp-exclude-emoji \" value=\"\" type=\"text\" name=\"gwolle_gb_034edaa7ef11015a73a0879069db71a7\" id=\"gwolle_gb_034edaa7ef11015a73a0879069db71a7\" placeholder=\"Name\" required \/><\/div>\n\t\t\t<\/div>\n\t\t\t<div class=\"clearBoth\">&nbsp;<\/div><div class=\"gwolle_gb_9d21098c6c82728525fb862b2b646747\">\n\t\t\t\t\t<div class=\"label\"><label for=\"gwolle_gb_9d21098c6c82728525fb862b2b646747\" class=\"text-info\">Ort:<\/label><\/div>\n\t\t\t\t\t<div class=\"input\"><input class=\"wp-exclude-emoji \" value=\"\" type=\"text\" name=\"gwolle_gb_9d21098c6c82728525fb862b2b646747\" id=\"gwolle_gb_9d21098c6c82728525fb862b2b646747\" placeholder=\"Ort\" \/><\/div>\n\t\t\t\t<\/div>\n\t\t\t\t<div class=\"clearBoth\">&nbsp;<\/div><div class=\"gwolle_gb_1340930dfe729c2dd7e5f59f501e97d3\">\n\t\t\t\t<div class=\"label\"><label for=\"gwolle_gb_1340930dfe729c2dd7e5f59f501e97d3\" class=\"text-info\">E-Mail: *<\/label><\/div>\n\t\t\t\t<div class=\"input\"><input class=\"\" value=\"\" type=\"text\" name=\"gwolle_gb_1340930dfe729c2dd7e5f59f501e97d3\" id=\"gwolle_gb_1340930dfe729c2dd7e5f59f501e97d3\" placeholder=\"E-Mail\"  required \/><\/div>\n\t\t\t<\/div>\n\t\t\t<div class=\"clearBoth\">&nbsp;<\/div><div class=\"gwolle_gb_39b5f1b26cd366ee85297f085a3e9cb4\">\n\t\t\t\t<div class=\"label\"><label for=\"gwolle_gb_39b5f1b26cd366ee85297f085a3e9cb4\" class=\"text-info\">Website:<\/label><\/div>\n\t\t\t\t<div class=\"input\"><input class=\"\" value=\"\" type=\"text\" name=\"gwolle_gb_39b5f1b26cd366ee85297f085a3e9cb4\" id=\"gwolle_gb_39b5f1b26cd366ee85297f085a3e9cb4\" placeholder=\"Website\"  \/><\/div>\n\t\t\t<\/div>\n\t\t\t<div class=\"clearBoth\">&nbsp;<\/div>\n\t\t\t<div class=\"gwolle_gb_3683f5f5b6007ad316216e878b63a407\" style=\"display:none;\">\n\t\t\t\t<div class=\"label\">\n\t\t\t\t\t<label for=\"gwolle_gb_3683f5f5b6007ad316216e878b63a407\" class=\"text-primary\">Hier nichts eingeben:<\/label>\n\t\t\t\t\t<label for=\"gwolle_gb_50c1f72543b053e38542084e61fff384\" class=\"text-primary\">Hier nichts eingeben:<\/label>\n\t\t\t\t<\/div>\n\t\t\t\t<div class=\"input\">\n\t\t\t\t\t<input value=\"55\" type=\"text\" name=\"gwolle_gb_3683f5f5b6007ad316216e878b63a407\" id=\"gwolle_gb_3683f5f5b6007ad316216e878b63a407\" placeholder=\"\" \/>\n\t\t\t\t\t<input value=\"\" type=\"text\" name=\"gwolle_gb_50c1f72543b053e38542084e61fff384\" id=\"gwolle_gb_50c1f72543b053e38542084e61fff384\" placeholder=\"\" \/>\n\t\t\t\t<\/div>\n\t\t\t<\/div>\n\t\t\t<div class=\"clearBoth\"><\/div>\n\t\t\t<div class=\"gwolle_gb_b00e4e1cefe1a079daf7624234002c06\" style=\"display:none;\">\n\t\t\t\t<div class=\"label\">\n\t\t\t\t\t<label for=\"gwolle_gb_b00e4e1cefe1a079daf7624234002c06\" class=\"text-primary\">Hier nichts eingeben:<\/label>\n\t\t\t\t\t<label for=\"gwolle_gb_b134131cd078d09728e385d73c8713c9\" class=\"text-primary\">Hier nichts eingeben:<\/label>\n\t\t\t\t<\/div>\n\t\t\t\t<div class=\"input\">\n\t\t\t\t\t<input value=\"30712\" type=\"text\" name=\"gwolle_gb_b00e4e1cefe1a079daf7624234002c06\" id=\"gwolle_gb_b00e4e1cefe1a079daf7624234002c06\" placeholder=\"\" \/>\n\t\t\t\t\t<input value=\"30712\" type=\"text\" name=\"gwolle_gb_b134131cd078d09728e385d73c8713c9\" id=\"gwolle_gb_b134131cd078d09728e385d73c8713c9\" placeholder=\"\" \/>\n\t\t\t\t<\/div>\n\t\t\t<\/div>\n\t\t\t<div class=\"clearBoth\"><\/div><div class=\"gwolle_gb_content\">\n\t\t\t\t<div class=\"label\"><label for=\"gwolle_gb_content\" class=\"text-info\">G\u00e4stebucheintrag: *<\/label><\/div>\n\t\t\t\t<div class=\"input\"><textarea name=\"gwolle_gb_content\" id=\"gwolle_gb_content\" class=\"wp-exclude-emoji \" placeholder=\"G\u00e4stebucheintrag\"  required ><\/textarea><\/div>\n\t\t\t\t<\/div>\n\t\t\t<div class=\"clearBoth\">&nbsp;<\/div><input type=\"hidden\" id=\"gwolle_gb_45cd57b365b95d1dc371cab1e6f8aed9\" name=\"gwolle_gb_45cd57b365b95d1dc371cab1e6f8aed9\" value=\"6c59839624\" \/>\n\t\t\t<div id=\"gwolle_gb_messages_bottom_container\"><\/div>\n\n\t\t\t<div class=\"gwolle_gb_submit\">\n\t\t\t\t<div class=\"label gwolle_gb_invisible text-muted\">&nbsp;<\/div>\n\t\t\t\t<div class=\"input\">\n\t\t\t\t\t<input type=\"submit\" name=\"gwolle_gb_submit\" id=\"gwolle_gb_submit\" class=\"button btn btn-primary \" value=\"Absenden\" \/>\n\t\t\t\t\t<span class=\"gwolle_gb_submit_ajax_icon\"><\/span>\n\t\t\t\n\t\t\t\t<\/div>\n\t\t\t<\/div>\n\t\t\t<div class=\"clearBoth\">&nbsp;<\/div>\n\n\t\t\t<div class=\"gwolle_gb_notice\">\n\t\t\t\tMit * gekennzeichnete Felder sind erforderlich.<br \/>\r\nDeine E-Mail-Adresse wird nicht ver\u00f6ffentlicht.<br \/>\r\nEs ist m\u00f6glich, dass dein Eintrag im G\u00e4stebuch erst sichtbar ist, nachdem wir ihn \u00fcberpr\u00fcft haben.<br \/>\r\nWir behalten uns vor, Eintr\u00e4ge zu bearbeiten, zu l\u00f6schen oder nicht zu ver\u00f6ffentlichen.\n\t\t\t<\/div><\/form><\/div>\n[\/et_pb_text][\/et_pb_column][\/et_pb_row][\/et_pb_section]\n","protected":false},"excerpt":{"rendered":"<p>[et_pb_section fb_built=&#8220;1&#8243; fullwidth=&#8220;on&#8220; _builder_version=&#8220;3.0.47&#8243;][et_pb_fullwidth_image src=&#8220;https:\/\/www.einmal-um-die-welt.de\/wp-content\/uploads\/2021\/09\/HEADER_Jan_Fishriver_Canyon.jpg&#8220; _builder_version=&#8220;3.14&#8243;][\/et_pb_fullwidth_image][\/et_pb_section][et_pb_section fb_built=&#8220;1&#8243; _builder_version=&#8220;3.0.47&#8243;][et_pb_row _builder_version=&#8220;3.0.48&#8243; background_size=&#8220;initial&#8220; background_position=&#8220;top_left&#8220; background_repeat=&#8220;repeat&#8220;][et_pb_column type=&#8220;4_4&#8243; _builder_version=&#8220;3.0.47&#8243; parallax=&#8220;off&#8220; parallax_method=&#8220;on&#8220;][et_pb_text _builder_version=&#8220;3.14&#8243;] I\u00a0was on a trip around the world and I want to thank friends and family at home as well as all those amazing people I have met during my trip for filling my guest book with news and [&hellip;]<\/p>\n","protected":false},"author":1,"featured_media":0,"parent":0,"menu_order":0,"comment_status":"closed","ping_status":"closed","template":"","meta":{"ngg_post_thumbnail":0},"_links":{"self":[{"href":"https:\/\/www.einmal-um-die-welt.de\/startseite\/wp-json\/wp\/v2\/pages\/1809"}],"collection":[{"href":"https:\/\/www.einmal-um-die-welt.de\/startseite\/wp-json\/wp\/v2\/pages"}],"about":[{"href":"https:\/\/www.einmal-um-die-welt.de\/startseite\/wp-json\/wp\/v2\/types\/page"}],"author":[{"embeddable":true,"href":"https:\/\/www.einmal-um-die-welt.de\/startseite\/wp-json\/wp\/v2\/users\/1"}],"replies":[{"embeddable":true,"href":"https:\/\/www.einmal-um-die-welt.de\/startseite\/wp-json\/wp\/v2\/comments?post=1809"}],"version-history":[{"count":19,"href":"https:\/\/www.einmal-um-die-welt.de\/startseite\/wp-json\/wp\/v2\/pages\/1809\/revisions"}],"predecessor-version":[{"id":5998,"href":"https:\/\/www.einmal-um-die-welt.de\/startseite\/wp-json\/wp\/v2\/pages\/1809\/revisions\/5998"}],"wp:attachment":[{"href":"https:\/\/www.einmal-um-die-welt.de\/startseite\/wp-json\/wp\/v2\/media?parent=1809"}],"curies":[{"name":"wp","href":"https:\/\/api.w.org\/{rel}","templated":true}]}}