{"id":1803,"date":"2018-07-23T10:00:29","date_gmt":"2018-07-23T08:00:29","guid":{"rendered":"http:\/\/www.jan-peterson.de\/startseite\/?page_id=1803"},"modified":"2022-02-21T20:54:39","modified_gmt":"2022-02-21T19:54:39","slug":"1803-2","status":"publish","type":"page","link":"https:\/\/www.einmal-um-die-welt.de\/startseite\/1803-2\/","title":{"rendered":"My Route!"},"content":{"rendered":"[et_pb_section fb_built=&#8220;1&#8243; disabled_on=&#8220;off|off|off&#8220; _builder_version=&#8220;3.0.47&#8243;][et_pb_row _builder_version=&#8220;3.0.48&#8243; background_size=&#8220;initial&#8220; background_position=&#8220;top_left&#8220; background_repeat=&#8220;repeat&#8220;][et_pb_column type=&#8220;1_2&#8243; _builder_version=&#8220;3.0.47&#8243; parallax=&#8220;off&#8220; parallax_method=&#8220;on&#8220;][et_pb_text _builder_version=&#8220;3.14&#8243;]\n<p><img loading=\"lazy\" src=\"https:\/\/www.einmal-um-die-welt.de\/wp-content\/uploads\/2022\/02\/download-8-1.png\" width=\"57\" height=\"34\" alt=\"\" class=\"wp-image-5885 alignleft size-full\">You can follow my itinerary in the video below. Further down you can find a more detailed description (in German). I started in Southeast Asia, then went to Australia, Tasmania, New Zealand and South and North America before flying back home. After a short break, I explored South Africa in a 4WD for another six months before returning to work and boring daily life \ud83d\ude09<\/p>\n[\/et_pb_text][\/et_pb_column][et_pb_column type=&#8220;1_2&#8243; _builder_version=&#8220;3.0.47&#8243; parallax=&#8220;off&#8220; parallax_method=&#8220;on&#8220;][et_pb_text _builder_version=&#8220;3.14&#8243;]<img loading=\"lazy\" src=\"https:\/\/www.einmal-um-die-welt.de\/wp-content\/uploads\/2021\/12\/Deutschland.gif\" width=\"60\" height=\"30\" alt=\"\" class=\"wp-image-5111 alignleft size-full\">In dem Video unten k\u00f6nnt ihr meine Reiseroute nachverfolgen. Weiter unten k\u00f6nnt ihr nochmal eine detailliertere Beschreibung lesen. Ich startete in S\u00fcdostasien dann ging es weiter nach Australien, Tasmanien, Neuseeland und S\u00fcd- und Nordamerika, bevor ich wieder nach Hause geflogen bin. Nach einer kurzen Pause habe ich dann nochmal das s\u00fcdliche Afrika f\u00fcr weitere sechs Monate mit einem Allradfahrzeug erkundet, bevor es dann langfristig wieder zur\u00fcck in das langweilige Alltagsleben in Deutschland ging ;-)[\/et_pb_text][\/et_pb_column][\/et_pb_row][et_pb_row custom_width_px=&#8220;1426px&#8220; custom_padding=&#8220;27px|0px|42px|0px|false|false&#8220; _builder_version=&#8220;3.14&#8243; background_size=&#8220;initial&#8220; background_position=&#8220;top_left&#8220; background_repeat=&#8220;repeat&#8220;][et_pb_column type=&#8220;1_3&#8243; _builder_version=&#8220;3.0.47&#8243; parallax=&#8220;off&#8220; parallax_method=&#8220;on&#8220;][\/et_pb_column][et_pb_column type=&#8220;1_3&#8243; _builder_version=&#8220;3.0.47&#8243; parallax=&#8220;off&#8220; parallax_method=&#8220;on&#8220;][et_pb_video src=&#8220;https:\/\/www.einmal-um-die-welt.de\/wp-content\/uploads\/2022\/02\/Weltreise-Tour_Video_world_of_mouth-online-video-cutter.com_-1.mp4&#8243; _builder_version=&#8220;3.14&#8243;][\/et_pb_video][\/et_pb_column][et_pb_column type=&#8220;1_3&#8243; _builder_version=&#8220;3.0.47&#8243; parallax=&#8220;off&#8220; parallax_method=&#8220;on&#8220;][\/et_pb_column][\/et_pb_row][et_pb_row _builder_version=&#8220;3.14&#8243;][et_pb_column type=&#8220;4_4&#8243; _builder_version=&#8220;3.14&#8243; parallax=&#8220;off&#8220; parallax_method=&#8220;on&#8220;][et_pb_image src=&#8220;https:\/\/www.einmal-um-die-welt.de\/wp-content\/uploads\/2021\/12\/Reisezeiten-OneWorld-Reiseroute_NEW.jpg&#8220; _builder_version=&#8220;3.14&#8243;][\/et_pb_image][\/et_pb_column][\/et_pb_row][\/et_pb_section][et_pb_section fb_built=&#8220;1&#8243; specialty=&#8220;on&#8220; _builder_version=&#8220;3.14&#8243;][et_pb_column type=&#8220;1_2&#8243; _builder_version=&#8220;3.0.47&#8243; parallax=&#8220;off&#8220; parallax_method=&#8220;on&#8220;][et_pb_text _builder_version=&#8220;3.14&#8243;]Flug mit dem Round the World Ticket nach Denpasar, Bali. Von dort aus mit Bus, Bahn \u00dcberland von Bali nach Java und Sumatra in Indonesien.<\/p>\n<p>Weiter mit dem Flieger nach Singapur, dann wieder \u00dcberland mit Bus und Bahn durch Malaysia nach Thailand. Dort Inselhopping und Rundreise durch Thailand.[\/et_pb_text][\/et_pb_column][et_pb_column type=&#8220;1_2&#8243; specialty_columns=&#8220;2&#8243; _builder_version=&#8220;3.0.47&#8243; parallax=&#8220;off&#8220; parallax_method=&#8220;on&#8220;][et_pb_row_inner _builder_version=&#8220;3.14&#8243;][et_pb_column_inner type=&#8220;4_4&#8243; saved_specialty_column_type=&#8220;1_2&#8243; _builder_version=&#8220;3.0.47&#8243; parallax=&#8220;off&#8220; parallax_method=&#8220;on&#8220;][et_pb_image src=&#8220;https:\/\/www.einmal-um-die-welt.de\/wp-content\/uploads\/2021\/12\/Route_Asien.jpg&#8220; show_in_lightbox=&#8220;on&#8220; _builder_version=&#8220;3.14&#8243; max_width=&#8220;74%&#8220;][\/et_pb_image][\/et_pb_column_inner][\/et_pb_row_inner][\/et_pb_column][\/et_pb_section][et_pb_section fb_built=&#8220;1&#8243; specialty=&#8220;on&#8220; _builder_version=&#8220;3.14&#8243;][et_pb_column type=&#8220;1_2&#8243; _builder_version=&#8220;3.0.47&#8243; parallax=&#8220;off&#8220; parallax_method=&#8220;on&#8220;][et_pb_text _builder_version=&#8220;3.14&#8243;]Die zweite gro\u00dfe Tour ging durch Australien inklusive Tasmanien und Neuseeland. Mit Camper Relocations und Wicked Camper wurde die Ostk\u00fcste Australiens erkundet, am Great Barrier Reef getaucht und Krokodile im Kakadu Nationalpark zugeritten.[\/et_pb_text][et_pb_text _builder_version=&#8220;3.14&#8243;][\/et_pb_text][\/et_pb_column][et_pb_column type=&#8220;1_2&#8243; specialty_columns=&#8220;2&#8243; _builder_version=&#8220;3.0.47&#8243; parallax=&#8220;off&#8220; parallax_method=&#8220;on&#8220;][et_pb_row_inner _builder_version=&#8220;3.14&#8243;][et_pb_column_inner type=&#8220;4_4&#8243; saved_specialty_column_type=&#8220;1_2&#8243; _builder_version=&#8220;3.0.47&#8243; parallax=&#8220;off&#8220; parallax_method=&#8220;on&#8220;][et_pb_image src=&#8220;https:\/\/www.einmal-um-die-welt.de\/wp-content\/uploads\/2021\/12\/Route_Australien.jpg&#8220; show_in_lightbox=&#8220;on&#8220; _builder_version=&#8220;3.14&#8243; max_width=&#8220;73%&#8220;][\/et_pb_image][\/et_pb_column_inner][\/et_pb_row_inner][\/et_pb_column][\/et_pb_section][et_pb_section fb_built=&#8220;1&#8243; specialty=&#8220;on&#8220; _builder_version=&#8220;3.14&#8243;][et_pb_column type=&#8220;1_2&#8243; _builder_version=&#8220;3.0.47&#8243; parallax=&#8220;off&#8220; parallax_method=&#8220;on&#8220;][et_pb_text _builder_version=&#8220;3.14&#8243;]In Tasmanien und Neuseeland ging es auf Wanderungen in der Natur und Kayak fahren an der K\u00fcste.[\/et_pb_text][et_pb_text _builder_version=&#8220;3.14&#8243;][\/et_pb_text][\/et_pb_column][et_pb_column type=&#8220;1_2&#8243; specialty_columns=&#8220;2&#8243; _builder_version=&#8220;3.0.47&#8243; parallax=&#8220;off&#8220; parallax_method=&#8220;on&#8220;][et_pb_row_inner _builder_version=&#8220;3.14&#8243;][et_pb_column_inner type=&#8220;4_4&#8243; saved_specialty_column_type=&#8220;1_2&#8243; _builder_version=&#8220;3.0.47&#8243; parallax=&#8220;off&#8220; parallax_method=&#8220;on&#8220;][et_pb_image src=&#8220;https:\/\/www.einmal-um-die-welt.de\/wp-content\/uploads\/2021\/12\/Route_Neu_Seeland.jpg&#8220; show_in_lightbox=&#8220;on&#8220; _builder_version=&#8220;3.14&#8243; max_width=&#8220;73%&#8220;][\/et_pb_image][\/et_pb_column_inner][\/et_pb_row_inner][\/et_pb_column][\/et_pb_section][et_pb_section fb_built=&#8220;1&#8243; specialty=&#8220;on&#8220; _builder_version=&#8220;3.14&#8243;][et_pb_column type=&#8220;1_2&#8243; _builder_version=&#8220;3.0.47&#8243; parallax=&#8220;off&#8220; parallax_method=&#8220;on&#8220;][et_pb_text _builder_version=&#8220;3.14&#8243;]Die S\u00fcdamerika-Tour startete in Argentinien. \u00dcber Buenos Aires zu den Iguazu Falls, dann die Ostk\u00fcste runter bis nach Ushuaja und an den s\u00fcdlichsten Punkt Amerikas, Gletscher Touren machen, Wandern in Chiles Nationalparks bis hoch zur Atacama W\u00fcste \u00fcber Bolivien und Cusco Peru. Danach ging es weiter nach Nordamerika.[\/et_pb_text][\/et_pb_column][et_pb_column type=&#8220;1_2&#8243; specialty_columns=&#8220;2&#8243; _builder_version=&#8220;3.0.47&#8243; parallax=&#8220;off&#8220; parallax_method=&#8220;on&#8220;][et_pb_row_inner _builder_version=&#8220;3.14&#8243;][et_pb_column_inner type=&#8220;4_4&#8243; saved_specialty_column_type=&#8220;1_2&#8243; _builder_version=&#8220;3.0.47&#8243; parallax=&#8220;off&#8220; parallax_method=&#8220;on&#8220;][et_pb_image src=&#8220;https:\/\/www.einmal-um-die-welt.de\/wp-content\/uploads\/2021\/12\/Route_Suedamerika.jpg&#8220; show_in_lightbox=&#8220;on&#8220; _builder_version=&#8220;3.14&#8243; max_width=&#8220;74%&#8220;][\/et_pb_image][\/et_pb_column_inner][\/et_pb_row_inner][\/et_pb_column][\/et_pb_section][et_pb_section fb_built=&#8220;1&#8243; specialty=&#8220;on&#8220; _builder_version=&#8220;3.14&#8243;][et_pb_column type=&#8220;1_2&#8243; _builder_version=&#8220;3.0.47&#8243; parallax=&#8220;off&#8220; parallax_method=&#8220;on&#8220;][et_pb_text _builder_version=&#8220;3.14&#8243;]Start in Miami, erkunden der Ostk\u00fcste, Cape Canaveral, die Keys und den Everglade Nationalpark. Kurzer Sprung an die sch\u00f6nen Str\u00e4nde von Jamaika und Cayman Islands. Dann mit dem Flieger nach Los Angeles. Dort wurde ein Auto gekauft, in dem ich dann auch \u00fcbernachten konnte. Danach habe ich mit diesem Auto den S\u00fcdwesten der USA erkundet, und von dort ging es dann \u00fcber Las Vegas und Yellowstone nach Seattle.<\/p>\n<p>Von den USA fuhr ich dann nach Vancouver in Kanada, B\u00e4renjagd in der Wildnis von British Columbia machen. Anschlie\u00dfend eine lange Tour vom Westen Kanadas durch das zweitgr\u00f6\u00dfte Land der Erde bis an die Ostk\u00fcste und zuletzt zur\u00fcck in die USA, wo es von New York aus erstmal wieder heim ging.[\/et_pb_text][\/et_pb_column][et_pb_column type=&#8220;1_2&#8243; specialty_columns=&#8220;2&#8243; _builder_version=&#8220;3.0.47&#8243; parallax=&#8220;off&#8220; parallax_method=&#8220;on&#8220;][et_pb_row_inner _builder_version=&#8220;3.14&#8243;][et_pb_column_inner type=&#8220;4_4&#8243; saved_specialty_column_type=&#8220;1_2&#8243; _builder_version=&#8220;3.0.47&#8243; parallax=&#8220;off&#8220; parallax_method=&#8220;on&#8220;][et_pb_image src=&#8220;https:\/\/www.einmal-um-die-welt.de\/wp-content\/uploads\/2021\/12\/Route_Nordamerika.jpg&#8220; show_in_lightbox=&#8220;on&#8220; _builder_version=&#8220;3.14&#8243; max_width=&#8220;76%&#8220;][\/et_pb_image][\/et_pb_column_inner][\/et_pb_row_inner][\/et_pb_column][\/et_pb_section][et_pb_section fb_built=&#8220;1&#8243; specialty=&#8220;on&#8220; _builder_version=&#8220;3.14&#8243;][et_pb_column type=&#8220;1_2&#8243; _builder_version=&#8220;3.0.47&#8243; parallax=&#8220;off&#8220; parallax_method=&#8220;on&#8220;][et_pb_text _builder_version=&#8220;3.14&#8243;]Nach einer kurzen Pause vom ersten Jahr der Weltreise flog ich \u00fcber Kairo nach S\u00fcdafrika, wo ich mit einem Jeep inklusive Dachzelt durch die afrikanische Wildnis gefahren bin. Einfach mal ganz weit drau\u00dfen mit der Natur und den wilden Tieren. Ich bin die Kalahari durchquert und \u00fcber Botswana, Namibia, Sambia, Malawi, Zimbabwe und Mosambik zur\u00fcck nach S\u00fcdafrika geflogen. Dann &#8211; nach immerhin eineinhalb Jahren Weltreise &#8211; war das Abenteuer zu Ende und es musste wieder Geld verdient werden ;-)[\/et_pb_text][\/et_pb_column][et_pb_column type=&#8220;1_2&#8243; specialty_columns=&#8220;2&#8243; _builder_version=&#8220;3.0.47&#8243; parallax=&#8220;off&#8220; parallax_method=&#8220;on&#8220;][et_pb_row_inner _builder_version=&#8220;3.14&#8243;][et_pb_column_inner type=&#8220;4_4&#8243; saved_specialty_column_type=&#8220;1_2&#8243; _builder_version=&#8220;3.0.47&#8243; parallax=&#8220;off&#8220; parallax_method=&#8220;on&#8220;][et_pb_image src=&#8220;https:\/\/www.einmal-um-die-welt.de\/wp-content\/uploads\/2021\/12\/Route_Afrika.jpg&#8220; show_in_lightbox=&#8220;on&#8220; _builder_version=&#8220;3.14&#8243; max_width=&#8220;70%&#8220;][\/et_pb_image][\/et_pb_column_inner][\/et_pb_row_inner][\/et_pb_column][\/et_pb_section][et_pb_section fb_built=&#8220;1&#8243; _builder_version=&#8220;3.0.47&#8243;][\/et_pb_section]\n","protected":false},"excerpt":{"rendered":"<p>[et_pb_section fb_built=&#8220;1&#8243; disabled_on=&#8220;off|off|off&#8220; _builder_version=&#8220;3.0.47&#8243;][et_pb_row _builder_version=&#8220;3.0.48&#8243; background_size=&#8220;initial&#8220; background_position=&#8220;top_left&#8220; background_repeat=&#8220;repeat&#8220;][et_pb_column type=&#8220;1_2&#8243; _builder_version=&#8220;3.0.47&#8243; parallax=&#8220;off&#8220; parallax_method=&#8220;on&#8220;][et_pb_text _builder_version=&#8220;3.14&#8243;] You can follow my itinerary in the video below. Further down you can find a more detailed description (in German). I started in Southeast Asia, then went to Australia, Tasmania, New Zealand and South and North America before flying back home. After [&hellip;]<\/p>\n","protected":false},"author":1,"featured_media":0,"parent":0,"menu_order":0,"comment_status":"closed","ping_status":"closed","template":"","meta":{"ngg_post_thumbnail":0},"_links":{"self":[{"href":"https:\/\/www.einmal-um-die-welt.de\/startseite\/wp-json\/wp\/v2\/pages\/1803"}],"collection":[{"href":"https:\/\/www.einmal-um-die-welt.de\/startseite\/wp-json\/wp\/v2\/pages"}],"about":[{"href":"https:\/\/www.einmal-um-die-welt.de\/startseite\/wp-json\/wp\/v2\/types\/page"}],"author":[{"embeddable":true,"href":"https:\/\/www.einmal-um-die-welt.de\/startseite\/wp-json\/wp\/v2\/users\/1"}],"replies":[{"embeddable":true,"href":"https:\/\/www.einmal-um-die-welt.de\/startseite\/wp-json\/wp\/v2\/comments?post=1803"}],"version-history":[{"count":64,"href":"https:\/\/www.einmal-um-die-welt.de\/startseite\/wp-json\/wp\/v2\/pages\/1803\/revisions"}],"predecessor-version":[{"id":6054,"href":"https:\/\/www.einmal-um-die-welt.de\/startseite\/wp-json\/wp\/v2\/pages\/1803\/revisions\/6054"}],"wp:attachment":[{"href":"https:\/\/www.einmal-um-die-welt.de\/startseite\/wp-json\/wp\/v2\/media?parent=1803"}],"curies":[{"name":"wp","href":"https:\/\/api.w.org\/{rel}","templated":true}]}}