{"id":1795,"date":"2018-07-23T09:39:29","date_gmt":"2018-07-23T07:39:29","guid":{"rendered":"http:\/\/www.jan-peterson.de\/startseite\/?page_id=1795"},"modified":"2022-01-25T10:41:02","modified_gmt":"2022-01-25T09:41:02","slug":"projects","status":"publish","type":"page","link":"https:\/\/www.einmal-um-die-welt.de\/startseite\/projects\/","title":{"rendered":"Projects"},"content":{"rendered":"[et_pb_section fb_built=&#8220;1&#8243; fullwidth=&#8220;on&#8220; _builder_version=&#8220;3.0.47&#8243;][et_pb_fullwidth_image src=&#8220;https:\/\/www.einmal-um-die-welt.de\/wp-content\/uploads\/2021\/09\/HEADER_Jan_Fishriver_Canyon.jpg&#8220; _builder_version=&#8220;3.14&#8243;][\/et_pb_fullwidth_image][\/et_pb_section][et_pb_section fb_built=&#8220;1&#8243; _builder_version=&#8220;3.0.47&#8243;][et_pb_row _builder_version=&#8220;3.0.48&#8243; background_size=&#8220;initial&#8220; background_position=&#8220;top_left&#8220; background_repeat=&#8220;repeat&#8220;][et_pb_column type=&#8220;4_4&#8243; _builder_version=&#8220;3.0.47&#8243; parallax=&#8220;off&#8220; parallax_method=&#8220;on&#8220;][et_pb_text _builder_version=&#8220;3.14&#8243;]\n<p><strong><a href=\"https:\/\/www.einmal-um-die-welt.de\/wp-content\/uploads\/2022\/01\/Nationalpark-Gunung-Leuse.jpg\"><img loading=\"lazy\" src=\"https:\/\/www.einmal-um-die-welt.de\/wp-content\/uploads\/2022\/01\/Nationalpark-Gunung-Leuse-300x123.jpg\" width=\"456\" height=\"187\" alt=\"\" class=\"wp-image-5662 aligncenter size-medium\" srcset=\"https:\/\/www.einmal-um-die-welt.de\/wp-content\/uploads\/2022\/01\/Nationalpark-Gunung-Leuse-300x123.jpg 300w, https:\/\/www.einmal-um-die-welt.de\/wp-content\/uploads\/2022\/01\/Nationalpark-Gunung-Leuse.jpg 610w\" sizes=\"(max-width: 456px) 100vw, 456px\" \/><\/a><\/strong><\/p>\n<p><strong>Einleitung und Vorwort:<\/strong><\/p>\n<p>Im Norden Sumatras liegt einer der interessantesten Nationalparks der Erde: Der <strong>Nationalpark Gunung Leuser <\/strong>der mit knapp 9.000 Quatratkilometern eines der gr\u00f6\u00dften Naturreservate in den tropischen Regenw\u00e4ldern Indonesiens ist. Er liegt zwischen den Provinzen Sumatera Utara und Aceh und wird vorwiegend \u00fcber die \u00fcber 3 Mio Einwohner z\u00e4hlende Stadt Medan touristisch erschlossen. Zusammen mit den Nationalparks Kerinchi-Seblat und Barisan Selatan bildet der Nationalpark Gunung Leuser <strong>das<\/strong> Naturdenkmal der tropischen Regenw\u00e4lder von Sumatra, welches seit 2004 zum UNESCO-Welterbe z\u00e4hlt.<\/p>\n<p>Der Park bietet eine R\u00fcckzugsm\u00f6glichkeit f\u00fcr viele Tierarten, die aufgrund der fortschreitenden Waldrodungen auf Sumatra bedroht sind, wo ein hohes Bev\u00f6lkerungswachstum zu gro\u00dfr\u00e4umigen Abholzungen f\u00fcr die Errichtung von Feldern, Plantagen und neuen Siedlungen f\u00fchrt.<\/p>\n<p>Der Sumatra-Orang-Utan, der Sumatra-Tiger und das Sumatra-Nashorn, allesamt stark bedrohte Arten oder Unterarten, haben hier ihre gr\u00f6\u00dften Populationen, andere bekannte hier vorkommende Tierarten sind der Asiatische Elefant, der Siamang, Makaken, Languren, Fasane, Nashornv\u00f6gel und das Leistenkrokodil.<\/p>\n<p>Des Weiteren sind innerhalb des Parks s\u00e4mtliche Arten der Waldbearbeitung strengstens verboten, dies gilt jedoch nicht f\u00fcr die in Privatbesitz liegenden angrenzenden Gebiete des Nationalparks\u2026<\/p>\n<p><a href=\"https:\/\/www.einmal-um-die-welt.de\/wp-content\/uploads\/2022\/01\/GreenLife-scaled.jpg\"><img loading=\"lazy\" src=\"https:\/\/www.einmal-um-die-welt.de\/wp-content\/uploads\/2022\/01\/GreenLife-300x100.jpg\" width=\"504\" height=\"168\" alt=\"\" class=\"wp-image-5663 aligncenter size-medium\" srcset=\"https:\/\/www.einmal-um-die-welt.de\/wp-content\/uploads\/2022\/01\/GreenLife-300x100.jpg 300w, https:\/\/www.einmal-um-die-welt.de\/wp-content\/uploads\/2022\/01\/GreenLife-1024x340.jpg 1024w, https:\/\/www.einmal-um-die-welt.de\/wp-content\/uploads\/2022\/01\/GreenLife-768x255.jpg 768w, https:\/\/www.einmal-um-die-welt.de\/wp-content\/uploads\/2022\/01\/GreenLife-1536x510.jpg 1536w, https:\/\/www.einmal-um-die-welt.de\/wp-content\/uploads\/2022\/01\/GreenLife-2048x680.jpg 2048w, https:\/\/www.einmal-um-die-welt.de\/wp-content\/uploads\/2022\/01\/GreenLife-1080x358.jpg 1080w\" sizes=\"(max-width: 504px) 100vw, 504px\" \/><\/a><\/p>\n<p align=\"center\"><strong>PROJEKT GREEN LIFE<\/strong><\/p>\n<p align=\"center\"><strong>Ein Projekt zum Schutz des tropischen Regenwaldes auf Sumatra\/Indonesien<\/strong><\/p>\n<p><strong>Ziel des GREEN LIFE Projektes:<\/strong><\/p>\n<p>Ziel des GREEN LIFE Projektes ist die Schaffung eines privaten Reservates, zum Schutz und Neuaufbau des tropischen Regenwaldes rund um die Grenzen des Gunung Leuser Nationalparks. Das Reservat umfasst zun\u00e4chst eine Gr\u00f6\u00dfe von 10 Hektar, bestehend aus ca. 70% Regenwald und 30% aus bereits gerodetem Gebiet. Die gesamte Region unterliegt einem permanenten Rodungsrisiko, da hier Kautschukplantagen angelegt werden sollen. Das GREEN LIFE Projekt sch\u00fctzt das Gebiet vor Abholzung und forstet die bereits gerodeten Gebiete wieder auf. Dar\u00fcber hinaus soll ein Regenwald-Zentrum gebaut werden, zur Dokumentation, f\u00fcr kulturelle und naturwissenschaftliche Zwecke, das dar\u00fcber hinaus \u00d6ko-Tourismus im Gunung Leuser Nationalpark erm\u00f6glichen soll. Zuk\u00fcnftig ist geplant, das Reservat auf ca. 30 Hektar und damit auf das gesamte Tal zwischen den Bergen des Gunung Leuser Parks auszuweiten. Das GREEN LIFE Projekt fokussiert sich au\u00dferdem auf Ausbildungsprogramme f\u00fcr einheimische Sch\u00fcler. Ziel des Unterrichts ist die Vermittlung eines harmonischen Einklangs einer Koexistenz zwischen Mensch und Natur.<\/p>\n<p>Die Projektleitung des GREEN LIFE Projektes f\u00fchrt die PRALES D\u011aTEM association (Regenwald f\u00fcr Kinder). Das Projekt steht unter der Schirmherrschaft der indonesischen: Yayasan Kura Kura Nusa Penida \u2013 Foundation, die mit der Gemeinschaft der tschechischen und slowakischen zoologischen G\u00e4rten kooperiert. Innerhalb des Reservatsgel\u00e4ndes soll eine Tropenwald-Baumschule gegr\u00fcndet werden, in der Einheimische schnell wachsende B\u00e4ume neu einpflanzen k\u00f6nnen, die f\u00fcr die Wiederaufforstung geeignet sind. In 2010 soll die Wiederaufforstung der gerodeten Gebiete u.a. mit einem Freiwilligen-Arbeitsprogramm f\u00fcr Volont\u00e4re gestartet werden.<\/p>\n<p><a href=\"https:\/\/www.einmal-um-die-welt.de\/wp-content\/uploads\/2022\/01\/GreenLife-reserve.jpg\"><img loading=\"lazy\" src=\"https:\/\/www.einmal-um-die-welt.de\/wp-content\/uploads\/2022\/01\/GreenLife-reserve-300x146.jpg\" width=\"446\" height=\"217\" alt=\"\" class=\"wp-image-5664 aligncenter size-medium\" srcset=\"https:\/\/www.einmal-um-die-welt.de\/wp-content\/uploads\/2022\/01\/GreenLife-reserve-300x146.jpg 300w, https:\/\/www.einmal-um-die-welt.de\/wp-content\/uploads\/2022\/01\/GreenLife-reserve-1024x499.jpg 1024w, https:\/\/www.einmal-um-die-welt.de\/wp-content\/uploads\/2022\/01\/GreenLife-reserve-768x374.jpg 768w, https:\/\/www.einmal-um-die-welt.de\/wp-content\/uploads\/2022\/01\/GreenLife-reserve-1536x748.jpg 1536w, https:\/\/www.einmal-um-die-welt.de\/wp-content\/uploads\/2022\/01\/GreenLife-reserve-1080x526.jpg 1080w, https:\/\/www.einmal-um-die-welt.de\/wp-content\/uploads\/2022\/01\/GreenLife-reserve.jpg 1767w\" sizes=\"(max-width: 446px) 100vw, 446px\" \/><\/a><\/p>\n<p><strong>Projektbescheibung und Motivation:<\/strong><\/p>\n<p>Der Gunung Leuser Nationalpark geh\u00f6rt zu den wichtigsten und artenreichsten Nationalparks in ganz S\u00fcdostasien. In einigen Gebieten angrenzend an den Gunung Leuser Nationalpark steht und w\u00e4chst noch in ungesch\u00fctztem Privatbesitz befindlicher Regenwald. Die einheimischen Privatbesitzer wollen aus ihrem eigen Grund und Boden verst\u00e4ndlicherweise Profit schlagen. Erste Kandidaten hierf\u00fcr sind Firmen, die mit Gummi handeln. Die ans\u00e4ssigen Indonesier sehen daher die Zukunft der Regenw\u00e4lder darin, sie abzuholzen und Kautschukplantagen daraus zu machen. Allerdings leben in diesen Regionen, in denen riesige Urwaldb\u00e4ume stehen, Orang-Utans und Gibbons, viele Reptilienarten, Amphibien und V\u00f6gel. Weitere Gebiete rund um den Nationalpark sind bereits Opfer des Kautschukgesch\u00e4ftes geworden. Aufgrund der Abgeschiedenheit der Region bleibt das gef\u00e4llte Bauholz oft am Abschlagsort liegen und verfault. Tausende Tonnen Regenwald der Region auf mehreren hundert Hektar gro\u00dfen Regionen wurden zerst\u00f6rt; hier wachsen nun Kautschukb\u00e4ume. Durch die anhaltende Weltwirtschaftskrise ist der Preis f\u00fcr Gummi stark gefallen. Am st\u00e4rksten davon betroffen sind die Einheimischen, die den rohen Kautschuk sammeln. Ihr sinkendes Einkommen f\u00fchrt zu einer Suche nach neuen Verdienstm\u00f6glichkeiten, u.a. mit dem Verkauf von illegal gerodetem Holz. Am einfachsten kann man die Regenwaldh\u00f6lzer rings um den Nationalpark \u201eernten\u201c.<\/p>\n<p>&nbsp;<\/p>\n<p>Die Grundst\u00fccksbesitzer lassen die B\u00e4ume f\u00e4llen, um anschlie\u00dfend das Holz zu verkaufen, wodurch die n\u00fctzlichen Regenwaldregionen bereits zerst\u00f6rt wurden. Durch die Rodung entsteht Eruption, die sich ebenfalls zerst\u00f6rend auf die Natur auswirkt. Auch die Gegend hinter dem Gunung Leuser Nationalpark ist dabei unterzugehen. Der Lebensraum der Tiere wird zunehmend kleiner. In der aktuellen Zeit in der der Kautschukpreis sehr niedrig ist und das Wachstum stagniert, sind die lokalen Grundst\u00fccksbesitzer, deren Einkommen signifikant gesunken ist bereit, die Gebiete zu jedem Zweck zu verkaufen. Als Folge stehen nicht nur Regenwaldgebiete, sondern auch bereits gerodete Gebiete, die wieder aufgeforstet werden k\u00f6nnen, zum Verkauf. Die gesamte Rodung au\u00dferhalb des Nationalparks ist enorm. Insgesamt ist der Anteil der Zerst\u00f6rung von nat\u00fcrlichen Ressourcen sehr hoch. Die einheimische Bev\u00f6lkerung steht jeder Aktivit\u00e4t offen gegen\u00fcber, die Arbeit und Einkommen verspricht, sei es B\u00e4ume f\u00e4llen, die Natur sch\u00fctzen oder neue Regenw\u00e4lder pflanzen. Aktuell sind die tropischen Regenw\u00e4lder die wichtigsten \u00d6kosysteme unseres Planeten, allerdings sind es auch die am st\u00e4rksten bedrohtesten. Das GREEN LIFE Projekt m\u00f6chte den Regenwald sch\u00fctzen, die abgeholzten Gebiete wieder aufforsten, den Einheimischen Arbeitsm\u00f6glichkeiten anbieten, kulturelle Programme und Ausbildungsprogramme f\u00fcr Studenten etablieren, sowie \u00d6ko- und Abenteuer-Aktivit\u00e4ten f\u00fcr Touristen anbieten. Das Projekt selbst soll u.a. von diesen Aktivit\u00e4ten intern finanziert werden. Die Kosten f\u00fcr den Schutz der sich ausdehnenden Gebiete wird au\u00dferdem finanziert durch Sponsor-Geschenke, Spenden und die Arbeit von Volont\u00e4ren<\/p>\n<p><span lang=\"DE\"><a href=\"https:\/\/www.einmal-um-die-welt.de\/wp-content\/uploads\/2022\/01\/GreenLife-Forrest-scaled.jpg\"><img loading=\"lazy\" src=\"https:\/\/www.einmal-um-die-welt.de\/wp-content\/uploads\/2022\/01\/GreenLife-Forrest-200x300.jpg\" width=\"230\" height=\"345\" alt=\"\" class=\"wp-image-5665 aligncenter size-medium\" srcset=\"https:\/\/www.einmal-um-die-welt.de\/wp-content\/uploads\/2022\/01\/GreenLife-Forrest-200x300.jpg 200w, https:\/\/www.einmal-um-die-welt.de\/wp-content\/uploads\/2022\/01\/GreenLife-Forrest-683x1024.jpg 683w, https:\/\/www.einmal-um-die-welt.de\/wp-content\/uploads\/2022\/01\/GreenLife-Forrest-768x1152.jpg 768w, https:\/\/www.einmal-um-die-welt.de\/wp-content\/uploads\/2022\/01\/GreenLife-Forrest-1024x1536.jpg 1024w, https:\/\/www.einmal-um-die-welt.de\/wp-content\/uploads\/2022\/01\/GreenLife-Forrest-1365x2048.jpg 1365w, https:\/\/www.einmal-um-die-welt.de\/wp-content\/uploads\/2022\/01\/GreenLife-Forrest-1080x1620.jpg 1080w, https:\/\/www.einmal-um-die-welt.de\/wp-content\/uploads\/2022\/01\/GreenLife-Forrest-scaled.jpg 1707w\" sizes=\"(max-width: 230px) 100vw, 230px\" \/><\/a><\/span><\/p>\n<p><strong>Ziele des Projekts (Zusammenfassung):<\/strong><\/p>\n<p>&#8211; Schutz des aktuellen Bestandes an Regenwald au\u00dferhalb des Gunung Leuser NP \u2013 Erhaltung eines privaten Reservates von 10 \u2013 sp\u00e4ter bis zu 30 Hektar (komplettes Regenwald-Tal)<\/p>\n<p>&#8211; Wiederaufforstung der gerodeten Gebiete und Neuaufbau des Regenwaldes<\/p>\n<p>&#8211; Bau eines Tropenwald-Camps zum Schutz, zur Kulturerhaltung und Dokumentation, f\u00fcr Studien und zu \u00f6kotouristischen Zwecken<\/p>\n<p>&#8211; F\u00f6rderung des \u00d6kotourismus zur Sensibilisierung der Tropenwald-Thematik und zur Motivation, an seinem Schutz aktiv teilzunehmen.<\/p>\n<p>&#8211; Schaffung von Ausbildungsprogrammen zum harmonischen Zusammenleben von Mensch und Natur f\u00fcr indonesische Kinder und Jugendliche<\/p>\n<p>&#8211; Unterst\u00fctzung von Universit\u00e4ts-Stipendien f\u00fcr junge, talentierte Studenten mit naturwissenschaftlichem Interesse<\/p>\n<p>&#8211; Kooperation mit der Zentrale des Gunung Leuser Nationalparks, (BKSDA)<\/p>\n<p>1. Das erste Ziel des GREEN LIFE Projektes, n\u00e4mlich 10 Hektar von privat zu erwerben; ein Gel\u00e4nde bestehend aus einem Anteil von 70% Regenwald, welches an den Gunung Leuser Nationalpark, Sumatra in Indonesien angrenzt, ist bereits umgesetzt. Dieses Gebiet steht nicht unter Naturschutz und daher besteht die Gefahr der Rodung, f\u00fcr kommerzielle Kautschuk-Plantangen. Ein knappes Drittel des Regenwaldes ist bereits der Rodung zum Opfer gefallen. Auf den 10 Hektar, die von GREEN LIFE gekauft wurden, wird ein privates Reservat auf Sumatra errichtet und der Regenwald in Zukunft gesch\u00fctzt. Ein weiteres Hauptziel ist der vollumf\u00e4ngliche Stopp der zeitweiligen Abholzung f\u00fcr Bauholz innerhalb des Schutzreservates und ein langfristiger Erhalt der Tropen f\u00fcr die folgenden Generationen. GREEN LIFE wird den gerodeten Wald nach und nach wieder aufforsten.<\/p>\n<p>2. Das GREEN LIFE Projekt m\u00f6chte bis Ende 2010 das komplette Tal kaufen. Ein Teil des Tals geh\u00f6rt bereits heute zum gesch\u00fctzten Privatreservat. Der Rest des Tals w\u00fcrde dann vom gleichen Status profitieren. Die gesamte Region umfasst ca. 30 Hektar. Erst diese Gr\u00f6\u00dfe reicht aus um nat\u00fcrliche Prozesse zu erhalten und wilden Tieren ein Territorium zur Verf\u00fcgung zu stellen. Au\u00dferhalb der 30 Hektar ist es notwendig ca. 40% des Regenwaldes wieder aufzuforsten. Dieser zeitaufw\u00e4ndige Prozess kann nur dann funktionieren wenn alle Generationen die Gelegenheit bekommen, das Projekt kennen- und dessen Mehrwert sch\u00e4tzen zu lernen.<\/p>\n<p><a href=\"https:\/\/www.einmal-um-die-welt.de\/wp-content\/uploads\/2022\/01\/greenlifeproject_org-2-scaled.jpg\"><img loading=\"lazy\" src=\"https:\/\/www.einmal-um-die-welt.de\/wp-content\/uploads\/2022\/01\/greenlifeproject_org-2-300x96.jpg\" width=\"503\" height=\"161\" alt=\"\" class=\"wp-image-5666 aligncenter size-medium\" srcset=\"https:\/\/www.einmal-um-die-welt.de\/wp-content\/uploads\/2022\/01\/greenlifeproject_org-2-300x96.jpg 300w, https:\/\/www.einmal-um-die-welt.de\/wp-content\/uploads\/2022\/01\/greenlifeproject_org-2-1024x326.jpg 1024w, https:\/\/www.einmal-um-die-welt.de\/wp-content\/uploads\/2022\/01\/greenlifeproject_org-2-768x245.jpg 768w, https:\/\/www.einmal-um-die-welt.de\/wp-content\/uploads\/2022\/01\/greenlifeproject_org-2-1536x489.jpg 1536w, https:\/\/www.einmal-um-die-welt.de\/wp-content\/uploads\/2022\/01\/greenlifeproject_org-2-2048x653.jpg 2048w, https:\/\/www.einmal-um-die-welt.de\/wp-content\/uploads\/2022\/01\/greenlifeproject_org-2-1080x344.jpg 1080w\" sizes=\"(max-width: 503px) 100vw, 503px\" \/><\/a><\/p>\n<p>3. Das GREEN LIFE Projekt m\u00f6chte auf dem gekauften Land f\u00fcr das Reservat ein Regenwald-Camp bauen mit drei Informations-H\u00fctten. Dort wird es Angebote f\u00fcr Biologiestudenten, Naturwissenschaftler, Fotografen und Sch\u00fctzer, bzw. Liebhaber unber\u00fchrter Natur geben. Diese haben die M\u00f6glichkeit, f\u00fcr mehrere Tage oder auch Wochen die Natur zu erleben und den tropischen Regenwald mit seiner Tier- und Pflanzenwelt zu entdecken. Nichtsdestotrotz k\u00f6nnen auch Touristen hier entspannen und Energie tanken. Das Projekt soll gerade von diesen Einnahmen des \u00d6ko-Tourismus finanziert werden. Sp\u00e4ter sollen Arbeitsprogramme f\u00fcr Studenten und Volont\u00e4re eingerichtet werden, die Interesse am Schutz und Wiederaufbau des Regenwaldes oder an Beobachtungen der Tier- und Pflanzenwelt des Gunung Leuser Nationalparks haben.<\/p>\n<p>4. Das GREEN LIFE Projekt wird mehrt\u00e4gige Exkursionen in das Herz des Gunung Leuser Nationalparks anbieten, unter der F\u00fchrung von erfahrenen Guides, die im Naturschutz ausgebildet sind und mit den anderen Guides des Nationalparks kooperieren. Ein weiterer Projektbeitrag besteht aus einer dauerhaften F\u00f6rderung der Ausbildung von ca. vier Einheimischen. Mit der Vergr\u00f6\u00dferung des Reservates plant GREEN LIFE auch die Anzahl der F\u00fchrer zu erh\u00f6hen. Die Einnahmen des \u201e\u00d6ko-Abenteuer\u201c-Tourismus\u2018 werden zur Finanzierung des Projektes und zur Ausweitung der Schutzgebiete und Weiterentwicklung der Ausbildungsprogramme f\u00fcr Jugendliche und Sch\u00fcler verwendet.<\/p>\n<p>5. Das GREEN LIFE Projekt m\u00f6chte Ausbildung f\u00f6rdern und einem\/-r Studenten\/in eine Teilfinanzierung seiner oder ihrer Universit\u00e4tsausbildung \u00fcbernehmen. Nach erfolgreichem Abschluss soll diese Person dann f\u00fcr das GREEN LIFE \u2013 Projekt (RAINFOREST FOR CHILDREN) arbeiten.<\/p>\n<p>6. Das GREEN LIFE Projekt und dessen laufenden Kosten sollen von den Mitgliedsbeitr\u00e4gen der \u201eCivil association PRALES D\u011aTEM o.s. (RAINFOREST FOR CHILDREN c.a.) gedeckt werden, die auch die Projektleitung inne hat.<\/p>\n[\/et_pb_text][\/et_pb_column][\/et_pb_row][\/et_pb_section]\n","protected":false},"excerpt":{"rendered":"<p>[et_pb_section fb_built=&#8220;1&#8243; fullwidth=&#8220;on&#8220; _builder_version=&#8220;3.0.47&#8243;][et_pb_fullwidth_image src=&#8220;https:\/\/www.einmal-um-die-welt.de\/wp-content\/uploads\/2021\/09\/HEADER_Jan_Fishriver_Canyon.jpg&#8220; _builder_version=&#8220;3.14&#8243;][\/et_pb_fullwidth_image][\/et_pb_section][et_pb_section fb_built=&#8220;1&#8243; _builder_version=&#8220;3.0.47&#8243;][et_pb_row _builder_version=&#8220;3.0.48&#8243; background_size=&#8220;initial&#8220; background_position=&#8220;top_left&#8220; background_repeat=&#8220;repeat&#8220;][et_pb_column type=&#8220;4_4&#8243; _builder_version=&#8220;3.0.47&#8243; parallax=&#8220;off&#8220; parallax_method=&#8220;on&#8220;][et_pb_text _builder_version=&#8220;3.14&#8243;] Einleitung und Vorwort: Im Norden Sumatras liegt einer der interessantesten Nationalparks der Erde: Der Nationalpark Gunung Leuser der mit knapp 9.000 Quatratkilometern eines der gr\u00f6\u00dften Naturreservate in den tropischen Regenw\u00e4ldern Indonesiens ist. Er liegt zwischen den Provinzen Sumatera [&hellip;]<\/p>\n","protected":false},"author":1,"featured_media":0,"parent":0,"menu_order":0,"comment_status":"closed","ping_status":"closed","template":"","meta":{"ngg_post_thumbnail":0},"_links":{"self":[{"href":"https:\/\/www.einmal-um-die-welt.de\/startseite\/wp-json\/wp\/v2\/pages\/1795"}],"collection":[{"href":"https:\/\/www.einmal-um-die-welt.de\/startseite\/wp-json\/wp\/v2\/pages"}],"about":[{"href":"https:\/\/www.einmal-um-die-welt.de\/startseite\/wp-json\/wp\/v2\/types\/page"}],"author":[{"embeddable":true,"href":"https:\/\/www.einmal-um-die-welt.de\/startseite\/wp-json\/wp\/v2\/users\/1"}],"replies":[{"embeddable":true,"href":"https:\/\/www.einmal-um-die-welt.de\/startseite\/wp-json\/wp\/v2\/comments?post=1795"}],"version-history":[{"count":9,"href":"https:\/\/www.einmal-um-die-welt.de\/startseite\/wp-json\/wp\/v2\/pages\/1795\/revisions"}],"predecessor-version":[{"id":5667,"href":"https:\/\/www.einmal-um-die-welt.de\/startseite\/wp-json\/wp\/v2\/pages\/1795\/revisions\/5667"}],"wp:attachment":[{"href":"https:\/\/www.einmal-um-die-welt.de\/startseite\/wp-json\/wp\/v2\/media?parent=1795"}],"curies":[{"name":"wp","href":"https:\/\/api.w.org\/{rel}","templated":true}]}}