{"id":1791,"date":"2018-07-23T09:37:12","date_gmt":"2018-07-23T07:37:12","guid":{"rendered":"http:\/\/www.jan-peterson.de\/startseite\/?page_id=1791"},"modified":"2022-02-13T12:59:09","modified_gmt":"2022-02-13T11:59:09","slug":"about-me","status":"publish","type":"page","link":"https:\/\/www.einmal-um-die-welt.de\/startseite\/about-me\/","title":{"rendered":"About Me!"},"content":{"rendered":"[et_pb_section fb_built=&#8220;1&#8243; fullwidth=&#8220;on&#8220; _builder_version=&#8220;3.0.47&#8243;][et_pb_fullwidth_image src=&#8220;https:\/\/www.einmal-um-die-welt.de\/wp-content\/uploads\/2021\/09\/HEADER_Jan_Fishriver_Canyon.jpg&#8220; _builder_version=&#8220;3.14&#8243;][\/et_pb_fullwidth_image][\/et_pb_section][et_pb_section fb_built=&#8220;1&#8243; _builder_version=&#8220;3.0.47&#8243;][et_pb_row _builder_version=&#8220;3.0.48&#8243; background_size=&#8220;initial&#8220; background_position=&#8220;top_left&#8220; background_repeat=&#8220;repeat&#8220;][et_pb_column type=&#8220;1_4&#8243; _builder_version=&#8220;3.0.47&#8243; parallax=&#8220;off&#8220; parallax_method=&#8220;on&#8220;][et_pb_image src=&#8220;https:\/\/www.einmal-um-die-welt.de\/wp-content\/uploads\/2021\/12\/Aussiecanoe.jpg&#8220; show_in_lightbox=&#8220;on&#8220; _builder_version=&#8220;3.14&#8243;][\/et_pb_image][\/et_pb_column][et_pb_column type=&#8220;3_4&#8243; _builder_version=&#8220;3.0.47&#8243; parallax=&#8220;off&#8220; parallax_method=&#8220;on&#8220;][et_pb_text _builder_version=&#8220;3.14&#8243;]\n<h4>About me<\/h4>\n<p><img loading=\"lazy\" src=\"https:\/\/www.einmal-um-die-welt.de\/wp-content\/uploads\/2022\/02\/download-8-1.png\" width=\"56\" height=\"34\" alt=\"\" class=\"wp-image-5885 alignleft size-full\">I was 33 years old when I started my trip around the world. I worked for the DAIMLER company in the headquarter in Stuttgart. Involved in a huge project, I implemented online sales strategies and high performing online sales teams in the Mercedes-Benz branches all over Germany. But in 2009 after Lehman Brothers bank collapsed and the global economy crisis hit Daimler as well, I decided to use the opportunity to take a well deserved sabbatical. After calculating everything, including the crisis, the travel itinerary and my budget, I quickly discovered that 12 months were waaaaay too short to explore the whole world, so I extended my sabbatical to 18 months \ud83d\ude42<br \/>\nI was very curious what would happen to me when I come back, but it was comforting to know that I had a job to come back to.<\/p>\n[\/et_pb_text][\/et_pb_column][\/et_pb_row][et_pb_row _builder_version=&#8220;3.0.48&#8243; background_size=&#8220;initial&#8220; background_position=&#8220;top_left&#8220; background_repeat=&#8220;repeat&#8220;][et_pb_column type=&#8220;4_4&#8243; _builder_version=&#8220;3.0.47&#8243; parallax=&#8220;off&#8220; parallax_method=&#8220;on&#8220;][\/et_pb_column][\/et_pb_row][et_pb_row _builder_version=&#8220;3.0.48&#8243; background_size=&#8220;initial&#8220; background_position=&#8220;top_left&#8220; background_repeat=&#8220;repeat&#8220;][et_pb_column type=&#8220;4_4&#8243; _builder_version=&#8220;3.0.47&#8243; parallax=&#8220;off&#8220; parallax_method=&#8220;on&#8220;][et_pb_text _builder_version=&#8220;3.14&#8243;]\n<h4>Aloha &#8211; das bin ich:<\/h4>\n<p><img loading=\"lazy\" src=\"https:\/\/www.einmal-um-die-welt.de\/wp-content\/uploads\/2021\/12\/Deutschland.gif\" width=\"60\" height=\"30\" alt=\"\" class=\"wp-image-5111 alignleft size-full\">Ich war 33 Jahre alt beim Start Richtung Mittelerde.<br \/>\nNachdem es bei der Weltwirtschaftskrise 2009 die Lehman Bank zerlegte &#8211; und es die meisten Immobilienbesitzer in den Staaten erwischte und die Welt erstmals erfuhr, was die Deutsche Bank so an Investment Strategien drauf hatte, da ging es auch an meinem Arbeitgeber mit Stern auf der Motorhaube nicht v\u00f6llig vorbei. Ich nutzte nach langem \u00dcberlegen die Gelegenheit, mir eine Auszeit zu g\u00f6nnen. Nach meiner Kalkulation (der aktuelle Wirtschaftskrise, der geplanten Route und der F\u00fclle des damaligen Geldbeutels) fand ich 12 Monate ziemlich knapp um die ganze Welt zu erkunden. Ich verl\u00e4ngerte mein geplantes Sabbatical auf 18 Monate und war sehr gespannt was mich erwarten w\u00fcrde, wenn ich wieder zur\u00fcck komme. Die Garantie, danach wieder einen Job zu haben, war allerdings sehr beruhigend.<\/p>\n[\/et_pb_text][\/et_pb_column][\/et_pb_row][et_pb_row _builder_version=&#8220;3.0.48&#8243; background_size=&#8220;initial&#8220; background_position=&#8220;top_left&#8220; background_repeat=&#8220;repeat&#8220;][et_pb_column type=&#8220;1_4&#8243; _builder_version=&#8220;3.0.47&#8243; parallax=&#8220;off&#8220; parallax_method=&#8220;on&#8220;][\/et_pb_column][et_pb_column type=&#8220;3_4&#8243; _builder_version=&#8220;3.0.47&#8243; parallax=&#8220;off&#8220; parallax_method=&#8220;on&#8220;][\/et_pb_column][\/et_pb_row][et_pb_row _builder_version=&#8220;3.0.48&#8243; background_size=&#8220;initial&#8220; background_position=&#8220;top_left&#8220; background_repeat=&#8220;repeat&#8220;][et_pb_column type=&#8220;3_4&#8243; _builder_version=&#8220;3.0.47&#8243; parallax=&#8220;off&#8220; parallax_method=&#8220;on&#8220;][et_pb_image src=&#8220;https:\/\/www.einmal-um-die-welt.de\/wp-content\/uploads\/2018\/08\/FotoStreamJan.jpg&#8220; _builder_version=&#8220;3.12.1&#8243;][\/et_pb_image][\/et_pb_column][et_pb_column type=&#8220;1_4&#8243; _builder_version=&#8220;3.0.47&#8243; parallax=&#8220;off&#8220; parallax_method=&#8220;on&#8220;][\/et_pb_column][\/et_pb_row][et_pb_row _builder_version=&#8220;3.0.48&#8243; background_size=&#8220;initial&#8220; background_position=&#8220;top_left&#8220; background_repeat=&#8220;repeat&#8220;][et_pb_column type=&#8220;1_4&#8243; _builder_version=&#8220;3.0.47&#8243; parallax=&#8220;off&#8220; parallax_method=&#8220;on&#8220;][et_pb_image src=&#8220;https:\/\/www.einmal-um-die-welt.de\/wp-content\/uploads\/2021\/12\/Couchsurfingproject.jpg&#8220; _builder_version=&#8220;3.14&#8243;][\/et_pb_image][\/et_pb_column][et_pb_column type=&#8220;1_2&#8243; _builder_version=&#8220;3.0.47&#8243; parallax=&#8220;off&#8220; parallax_method=&#8220;on&#8220;][et_pb_text _builder_version=&#8220;3.14&#8243;]\n<p>The 31st of July 2009 I stopped working for Daimler in Stuttgart and moved back to a little village nearby Frankfurt\/Main, called &#8222;Rodheim vor der H\u00f6he&#8220;.<br \/>\nThis was my homebase for the time I was travelling. Luckily I was able to take all my stuff from Stuttgart to Rodheim. It\u2019s also the place where I offered a place to stay for members of the <a href=\"https:\/\/www.couchsurfing.com\/\">couchsurfing community<\/a>.<\/p>\n<p style=\"text-align: center;\">* * *<\/p>\n<p>Am 31. Juli 2009 habe ich meinen Arbeitsvertrag bei Daimler beendet und bin wieder zur\u00fcck in ein kleines Dorf, in der N\u00e4he von Frankfurt am Main, genannt: &#8222;Rodheim vor der H\u00f6he&#8220;. Dort hatte ich meine Heimatbasis f\u00fcr die n\u00e4chsten 18 Monate. Hier bot ich auch eine \u00dcbernachtungsm\u00f6glichkeit f\u00fcr Mitglieder bei <a href=\"https:\/\/www.couchsurfing.com\/\">couchsurfing<\/a> an.<\/p>\n[\/et_pb_text][\/et_pb_column][et_pb_column type=&#8220;1_4&#8243; _builder_version=&#8220;3.0.47&#8243; parallax=&#8220;off&#8220; parallax_method=&#8220;on&#8220;][et_pb_image src=&#8220;https:\/\/www.einmal-um-die-welt.de\/wp-content\/uploads\/2021\/12\/Couchsourfing_Rodheim.png&#8220; _builder_version=&#8220;3.14&#8243;][\/et_pb_image][\/et_pb_column][\/et_pb_row][\/et_pb_section]\n","protected":false},"excerpt":{"rendered":"<p>[et_pb_section fb_built=&#8220;1&#8243; fullwidth=&#8220;on&#8220; _builder_version=&#8220;3.0.47&#8243;][et_pb_fullwidth_image src=&#8220;https:\/\/www.einmal-um-die-welt.de\/wp-content\/uploads\/2021\/09\/HEADER_Jan_Fishriver_Canyon.jpg&#8220; _builder_version=&#8220;3.14&#8243;][\/et_pb_fullwidth_image][\/et_pb_section][et_pb_section fb_built=&#8220;1&#8243; _builder_version=&#8220;3.0.47&#8243;][et_pb_row _builder_version=&#8220;3.0.48&#8243; background_size=&#8220;initial&#8220; background_position=&#8220;top_left&#8220; background_repeat=&#8220;repeat&#8220;][et_pb_column type=&#8220;1_4&#8243; _builder_version=&#8220;3.0.47&#8243; parallax=&#8220;off&#8220; parallax_method=&#8220;on&#8220;][et_pb_image src=&#8220;https:\/\/www.einmal-um-die-welt.de\/wp-content\/uploads\/2021\/12\/Aussiecanoe.jpg&#8220; show_in_lightbox=&#8220;on&#8220; _builder_version=&#8220;3.14&#8243;][\/et_pb_image][\/et_pb_column][et_pb_column type=&#8220;3_4&#8243; _builder_version=&#8220;3.0.47&#8243; parallax=&#8220;off&#8220; parallax_method=&#8220;on&#8220;][et_pb_text _builder_version=&#8220;3.14&#8243;] About me I was 33 years old when I started my trip around the world. I worked for the DAIMLER company in the headquarter in Stuttgart. Involved in a huge project, [&hellip;]<\/p>\n","protected":false},"author":1,"featured_media":0,"parent":0,"menu_order":0,"comment_status":"closed","ping_status":"closed","template":"","meta":{"ngg_post_thumbnail":0},"_links":{"self":[{"href":"https:\/\/www.einmal-um-die-welt.de\/startseite\/wp-json\/wp\/v2\/pages\/1791"}],"collection":[{"href":"https:\/\/www.einmal-um-die-welt.de\/startseite\/wp-json\/wp\/v2\/pages"}],"about":[{"href":"https:\/\/www.einmal-um-die-welt.de\/startseite\/wp-json\/wp\/v2\/types\/page"}],"author":[{"embeddable":true,"href":"https:\/\/www.einmal-um-die-welt.de\/startseite\/wp-json\/wp\/v2\/users\/1"}],"replies":[{"embeddable":true,"href":"https:\/\/www.einmal-um-die-welt.de\/startseite\/wp-json\/wp\/v2\/comments?post=1791"}],"version-history":[{"count":35,"href":"https:\/\/www.einmal-um-die-welt.de\/startseite\/wp-json\/wp\/v2\/pages\/1791\/revisions"}],"predecessor-version":[{"id":5952,"href":"https:\/\/www.einmal-um-die-welt.de\/startseite\/wp-json\/wp\/v2\/pages\/1791\/revisions\/5952"}],"wp:attachment":[{"href":"https:\/\/www.einmal-um-die-welt.de\/startseite\/wp-json\/wp\/v2\/media?parent=1791"}],"curies":[{"name":"wp","href":"https:\/\/api.w.org\/{rel}","templated":true}]}}